{"id":156,"date":"2019-10-31T11:16:51","date_gmt":"2019-10-31T11:16:51","guid":{"rendered":"https:\/\/www.vos-trucks.nl\/home\/"},"modified":"2026-01-05T09:17:42","modified_gmt":"2026-01-05T08:17:42","slug":"home","status":"publish","type":"page","link":"https:\/\/www.vos-trucks.nl\/de\/","title":{"rendered":"Home"},"content":{"rendered":"\n<h1 class=\"wp-block-heading\">Wilkommen bei Vos Trucks<\/h1>\n\n\n\n<p>Vos Trucks hat sich auf gebrauchte Lkw\u2018s spezia\u00adlisiert. Das Unternehmen befindet sich in Velddriel, gerade oberhalb von \u2019s-Hertogenbosch und liegt direkt an der A2. Bei Vos Trucks haben Sie die Auswahl aus einem umfangreichen Angebot an gut ge\u00adwar\u00adteten Fahr\u00adzeugen. T\u00e4glich gehen neue Fahr\u00adzeuge ein. Ein Team erfahrener Eink\u00e4ufer gew\u00e4hrleistet einen gro\u00dfen, schnell wech\u00adselnden Vorrat.<\/p>\n\n\n\n<p><\/p>\n","protected":false},"excerpt":{"rendered":"<p>Wilkommen bei Vos Trucks Vos Trucks hat sich auf gebrauchte Lkw\u2018s spezia\u00adlisiert. Das Unternehmen befindet sich in Velddriel, gerade oberhalb von \u2019s-Hertogenbosch und liegt direkt an der A2. Bei Vos Trucks haben Sie die Auswahl aus einem umfangreichen Angebot an gut ge\u00adwar\u00adteten Fahr\u00adzeugen. T\u00e4glich gehen neue Fahr\u00adzeuge ein. Ein Team erfahrener Eink\u00e4ufer gew\u00e4hrleistet einen gro\u00dfen, [&hellip;]<\/p>\n","protected":false},"author":3,"featured_media":502,"parent":0,"menu_order":0,"comment_status":"closed","ping_status":"closed","template":"","meta":{"_acf_changed":false,"footnotes":""},"class_list":["post-156","page","type-page","status-publish","has-post-thumbnail","hentry"],"acf":[],"yoast_head":"<!-- This site is optimized with the Yoast SEO plugin v27.5 - https:\/\/yoast.com\/product\/yoast-seo-wordpress\/ -->\n<title>Home - Vos Trucks<\/title>\n<meta name=\"robots\" content=\"index, follow, max-snippet:-1, max-image-preview:large, max-video-preview:-1\" \/>\n<link rel=\"canonical\" href=\"https:\/\/www.vos-trucks.nl\/de\/\" \/>\n<meta property=\"og:locale\" content=\"de_DE\" \/>\n<meta property=\"og:type\" content=\"article\" \/>\n<meta property=\"og:title\" content=\"Home - Vos Trucks\" \/>\n<meta property=\"og:description\" content=\"Wilkommen bei Vos Trucks Vos Trucks hat sich auf gebrauchte Lkw\u2018s spezia\u00adlisiert. Das Unternehmen befindet sich in Velddriel, gerade oberhalb von \u2019s-Hertogenbosch und liegt direkt an der A2. Bei Vos Trucks haben Sie die Auswahl aus einem umfangreichen Angebot an gut ge\u00adwar\u00adteten Fahr\u00adzeugen. T\u00e4glich gehen neue Fahr\u00adzeuge ein. Ein Team erfahrener Eink\u00e4ufer gew\u00e4hrleistet einen gro\u00dfen, [&hellip;]\" \/>\n<meta property=\"og:url\" content=\"https:\/\/www.vos-trucks.nl\/de\/\" \/>\n<meta property=\"og:site_name\" content=\"Vos Trucks\" \/>\n<meta property=\"article:modified_time\" content=\"2026-01-05T08:17:42+00:00\" \/>\n<meta property=\"og:image\" content=\"https:\/\/www.vos-trucks.nl\/wp-content\/uploads\/2020\/02\/home-bewerkt.jpg\" \/>\n\t<meta property=\"og:image:width\" content=\"1920\" \/>\n\t<meta property=\"og:image:height\" content=\"600\" \/>\n\t<meta property=\"og:image:type\" content=\"image\/jpeg\" \/>\n<meta name=\"twitter:card\" content=\"summary_large_image\" \/>\n<meta name=\"twitter:label1\" content=\"Gesch\u00e4tzte Lesezeit\" \/>\n\t<meta name=\"twitter:data1\" content=\"1\u00a0Minute\" \/>\n<script type=\"application\/ld+json\" class=\"yoast-schema-graph\">{\"@context\":\"https:\\\/\\\/schema.org\",\"@graph\":[{\"@type\":\"WebPage\",\"@id\":\"https:\\\/\\\/www.vos-trucks.nl\\\/de\\\/\",\"url\":\"https:\\\/\\\/www.vos-trucks.nl\\\/de\\\/\",\"name\":\"Home - Vos Trucks\",\"isPartOf\":{\"@id\":\"https:\\\/\\\/www.vos-trucks.nl\\\/de\\\/#website\"},\"primaryImageOfPage\":{\"@id\":\"https:\\\/\\\/www.vos-trucks.nl\\\/de\\\/#primaryimage\"},\"image\":{\"@id\":\"https:\\\/\\\/www.vos-trucks.nl\\\/de\\\/#primaryimage\"},\"thumbnailUrl\":\"https:\\\/\\\/www.vos-trucks.nl\\\/wp-content\\\/uploads\\\/2020\\\/02\\\/home-bewerkt.jpg\",\"datePublished\":\"2019-10-31T11:16:51+00:00\",\"dateModified\":\"2026-01-05T08:17:42+00:00\",\"breadcrumb\":{\"@id\":\"https:\\\/\\\/www.vos-trucks.nl\\\/de\\\/#breadcrumb\"},\"inLanguage\":\"de\",\"potentialAction\":[{\"@type\":\"ReadAction\",\"target\":[\"https:\\\/\\\/www.vos-trucks.nl\\\/de\\\/\"]}]},{\"@type\":\"ImageObject\",\"inLanguage\":\"de\",\"@id\":\"https:\\\/\\\/www.vos-trucks.nl\\\/de\\\/#primaryimage\",\"url\":\"https:\\\/\\\/www.vos-trucks.nl\\\/wp-content\\\/uploads\\\/2020\\\/02\\\/home-bewerkt.jpg\",\"contentUrl\":\"https:\\\/\\\/www.vos-trucks.nl\\\/wp-content\\\/uploads\\\/2020\\\/02\\\/home-bewerkt.jpg\",\"width\":1920,\"height\":600},{\"@type\":\"BreadcrumbList\",\"@id\":\"https:\\\/\\\/www.vos-trucks.nl\\\/de\\\/#breadcrumb\",\"itemListElement\":[{\"@type\":\"ListItem\",\"position\":1,\"name\":\"Home\",\"item\":\"https:\\\/\\\/www.vos-trucks.nl\\\/de\\\/\"},{\"@type\":\"ListItem\",\"position\":2,\"name\":\"Home\"}]},{\"@type\":\"WebSite\",\"@id\":\"https:\\\/\\\/www.vos-trucks.nl\\\/de\\\/#website\",\"url\":\"https:\\\/\\\/www.vos-trucks.nl\\\/de\\\/\",\"name\":\"Vos Trucks\",\"description\":\"Just another WordPress site\",\"potentialAction\":[{\"@type\":\"SearchAction\",\"target\":{\"@type\":\"EntryPoint\",\"urlTemplate\":\"https:\\\/\\\/www.vos-trucks.nl\\\/de\\\/?s={search_term_string}\"},\"query-input\":{\"@type\":\"PropertyValueSpecification\",\"valueRequired\":true,\"valueName\":\"search_term_string\"}}],\"inLanguage\":\"de\"}]}<\/script>\n<!-- \/ Yoast SEO plugin. -->","yoast_head_json":{"title":"Home - Vos Trucks","robots":{"index":"index","follow":"follow","max-snippet":"max-snippet:-1","max-image-preview":"max-image-preview:large","max-video-preview":"max-video-preview:-1"},"canonical":"https:\/\/www.vos-trucks.nl\/de\/","og_locale":"de_DE","og_type":"article","og_title":"Home - Vos Trucks","og_description":"Wilkommen bei Vos Trucks Vos Trucks hat sich auf gebrauchte Lkw\u2018s spezia\u00adlisiert. Das Unternehmen befindet sich in Velddriel, gerade oberhalb von \u2019s-Hertogenbosch und liegt direkt an der A2. Bei Vos Trucks haben Sie die Auswahl aus einem umfangreichen Angebot an gut ge\u00adwar\u00adteten Fahr\u00adzeugen. T\u00e4glich gehen neue Fahr\u00adzeuge ein. Ein Team erfahrener Eink\u00e4ufer gew\u00e4hrleistet einen gro\u00dfen, [&hellip;]","og_url":"https:\/\/www.vos-trucks.nl\/de\/","og_site_name":"Vos Trucks","article_modified_time":"2026-01-05T08:17:42+00:00","og_image":[{"width":1920,"height":600,"url":"https:\/\/www.vos-trucks.nl\/wp-content\/uploads\/2020\/02\/home-bewerkt.jpg","type":"image\/jpeg"}],"twitter_card":"summary_large_image","twitter_misc":{"Gesch\u00e4tzte Lesezeit":"1\u00a0Minute"},"schema":{"@context":"https:\/\/schema.org","@graph":[{"@type":"WebPage","@id":"https:\/\/www.vos-trucks.nl\/de\/","url":"https:\/\/www.vos-trucks.nl\/de\/","name":"Home - Vos Trucks","isPartOf":{"@id":"https:\/\/www.vos-trucks.nl\/de\/#website"},"primaryImageOfPage":{"@id":"https:\/\/www.vos-trucks.nl\/de\/#primaryimage"},"image":{"@id":"https:\/\/www.vos-trucks.nl\/de\/#primaryimage"},"thumbnailUrl":"https:\/\/www.vos-trucks.nl\/wp-content\/uploads\/2020\/02\/home-bewerkt.jpg","datePublished":"2019-10-31T11:16:51+00:00","dateModified":"2026-01-05T08:17:42+00:00","breadcrumb":{"@id":"https:\/\/www.vos-trucks.nl\/de\/#breadcrumb"},"inLanguage":"de","potentialAction":[{"@type":"ReadAction","target":["https:\/\/www.vos-trucks.nl\/de\/"]}]},{"@type":"ImageObject","inLanguage":"de","@id":"https:\/\/www.vos-trucks.nl\/de\/#primaryimage","url":"https:\/\/www.vos-trucks.nl\/wp-content\/uploads\/2020\/02\/home-bewerkt.jpg","contentUrl":"https:\/\/www.vos-trucks.nl\/wp-content\/uploads\/2020\/02\/home-bewerkt.jpg","width":1920,"height":600},{"@type":"BreadcrumbList","@id":"https:\/\/www.vos-trucks.nl\/de\/#breadcrumb","itemListElement":[{"@type":"ListItem","position":1,"name":"Home","item":"https:\/\/www.vos-trucks.nl\/de\/"},{"@type":"ListItem","position":2,"name":"Home"}]},{"@type":"WebSite","@id":"https:\/\/www.vos-trucks.nl\/de\/#website","url":"https:\/\/www.vos-trucks.nl\/de\/","name":"Vos Trucks","description":"Just another WordPress site","potentialAction":[{"@type":"SearchAction","target":{"@type":"EntryPoint","urlTemplate":"https:\/\/www.vos-trucks.nl\/de\/?s={search_term_string}"},"query-input":{"@type":"PropertyValueSpecification","valueRequired":true,"valueName":"search_term_string"}}],"inLanguage":"de"}]}},"_links":{"self":[{"href":"https:\/\/www.vos-trucks.nl\/de\/wp-json\/wp\/v2\/pages\/156","targetHints":{"allow":["GET"]}}],"collection":[{"href":"https:\/\/www.vos-trucks.nl\/de\/wp-json\/wp\/v2\/pages"}],"about":[{"href":"https:\/\/www.vos-trucks.nl\/de\/wp-json\/wp\/v2\/types\/page"}],"author":[{"embeddable":true,"href":"https:\/\/www.vos-trucks.nl\/de\/wp-json\/wp\/v2\/users\/3"}],"replies":[{"embeddable":true,"href":"https:\/\/www.vos-trucks.nl\/de\/wp-json\/wp\/v2\/comments?post=156"}],"version-history":[{"count":27,"href":"https:\/\/www.vos-trucks.nl\/de\/wp-json\/wp\/v2\/pages\/156\/revisions"}],"predecessor-version":[{"id":960,"href":"https:\/\/www.vos-trucks.nl\/de\/wp-json\/wp\/v2\/pages\/156\/revisions\/960"}],"wp:featuredmedia":[{"embeddable":true,"href":"https:\/\/www.vos-trucks.nl\/de\/wp-json\/wp\/v2\/media\/502"}],"wp:attachment":[{"href":"https:\/\/www.vos-trucks.nl\/de\/wp-json\/wp\/v2\/media?parent=156"}],"curies":[{"name":"wp","href":"https:\/\/api.w.org\/{rel}","templated":true}]}}